{"id":12594,"date":"2026-01-08T17:22:39","date_gmt":"2026-01-08T17:22:39","guid":{"rendered":"https:\/\/www.ismthies.com\/?page_id=12594"},"modified":"2026-01-08T17:27:40","modified_gmt":"2026-01-08T17:27:40","slug":"tous-nos-programmes","status":"publish","type":"page","link":"https:\/\/www.ismthies.com\/?page_id=12594","title":{"rendered":"Tous nos programmes"},"content":{"rendered":"\t\t<div data-elementor-type=\"wp-page\" data-elementor-id=\"12594\" class=\"elementor elementor-12594\" data-elementor-post-type=\"page\">\n\t\t\t\t<div class=\"elementor-element elementor-element-df72b50 e-flex e-con-boxed rt-default-class e-con e-parent\" data-id=\"df72b50\" data-element_type=\"container\">\n\t\t\t\t\t<div class=\"e-con-inner\">\n\t\t<div class=\"elementor-element elementor-element-bae0033 e-con-full e-flex rt-default-class e-con e-child\" data-id=\"bae0033\" data-element_type=\"container\">\n\t\t\t\t<div class=\"elementor-element elementor-element-a40c7b8 rt-default-class elementor-widget elementor-widget-heading\" data-id=\"a40c7b8\" data-element_type=\"widget\" data-widget_type=\"heading.default\">\n\t\t\t\t\t<h2 class=\"elementor-heading-title elementor-size-default\">Nos Formations<\/h2>\t\t\t\t<\/div>\n\t\t\t\t<div class=\"elementor-element elementor-element-8983a32 elementor-widget__width-initial elementor-widget-tablet__width-inherit rt-default-class elementor-widget elementor-widget-text-editor\" data-id=\"8983a32\" data-element_type=\"widget\" data-widget_type=\"text-editor.default\">\n\t\t\t\t\t\t\t\t\t<p><em>Choisir aujourd\u2019hui un des \u00e9tablissements du Groupe ISM c\u2019est surtout envisager un parcours professionnel permettant de d\u00e9velopper des potentialit\u00e9s aux c\u00f4t\u00e9s de milliers d\u2019autres \u00e9tudiants, de s\u2019adapter \u00e0 des situations internationales et de saisir des opportunit\u00e9s au S\u00e9n\u00e9gal, en Afrique, et partout dans le monde.<\/em><\/p>\t\t\t\t\t\t\t\t<\/div>\n\t\t\t\t<div class=\"elementor-element elementor-element-faa6c3a elementor-widget__width-initial rt-default-class elementor-widget elementor-widget-image\" data-id=\"faa6c3a\" data-element_type=\"widget\" data-widget_type=\"image.default\">\n\t\t\t\t\t\t\t\t\t\t\t\t\t\t\t<img width=\"136\" height=\"199\"  class=\"attachment-large size-large wp-image-916 lws-optimize-lazyload\" alt=\"\" \/ data-src=\"https:\/\/www.ismthies.com\/wp-content\/uploads\/2024\/07\/vector-6684e1fbc6b8f.webp\">\t\t\t\t\t\t\t\t\t\t\t\t\t\t\t<\/div>\n\t\t\t\t<div class=\"elementor-element elementor-element-76413a3 elementor-absolute e-transform rt-default-class elementor-widget elementor-widget-react-button\" data-id=\"76413a3\" data-element_type=\"widget\" data-settings=\"{&quot;_position&quot;:&quot;absolute&quot;,&quot;_transform_rotateZ_effect&quot;:{&quot;unit&quot;:&quot;px&quot;,&quot;size&quot;:-52,&quot;sizes&quot;:[]},&quot;_transform_rotateZ_effect_tablet&quot;:{&quot;unit&quot;:&quot;deg&quot;,&quot;size&quot;:&quot;&quot;,&quot;sizes&quot;:[]},&quot;_transform_rotateZ_effect_mobile&quot;:{&quot;unit&quot;:&quot;deg&quot;,&quot;size&quot;:&quot;&quot;,&quot;sizes&quot;:[]}}\" data-widget_type=\"react-button.default\">\n\t\t\t\t<div class=\"elementor-widget-container\">\n\t\t\t\t\t\t\n\t\t\t\t\t<a aria-label=\"button\" class=\"react_button\" href=\"https:\/\/www.ismthies.com\">\t\n\t\t\t\tAccueil\t\t\t\t\n\t\t\t\t\t\t\t\t\t<span>\n\t\t\t\t\t\t<i aria-hidden=\"true\" class=\"rt rt-arrow-right-regular\"><\/i>\t\t\t\t\t<\/span>\n\t\t\t\t\t\t\t<\/a>\t\t\t\n\t\t\t\t\t\t\t<\/div>\n\t\t\t\t<\/div>\n\t\t\t\t<\/div>\n\t\t<div class=\"elementor-element elementor-element-dd63535 e-con-full e-flex rt-default-class e-con e-child\" data-id=\"dd63535\" data-element_type=\"container\">\n\t\t<div class=\"elementor-element elementor-element-275abef e-con-full e-flex rt-default-class e-con e-child\" data-id=\"275abef\" data-element_type=\"container\">\n\t\t\t\t<div class=\"elementor-element elementor-element-548b7e2 rt-default-class elementor-widget elementor-widget-rt-program\" data-id=\"548b7e2\" data-element_type=\"widget\" data-widget_type=\"rt-program.default\">\n\t\t\t\t<div class=\"elementor-widget-container\">\n\t\t\t\t\t            <div class=\"rts__program--item v__2 p_item\" style=\"background-image: url('https:\/\/www.ismthies.com\/wp-content\/uploads\/2024\/09\/473186808_9012958542154921_8505567537822815990_n.jpg');\">\r\n                <h5 class=\"rts__program--item--title\">Programmes Licences<\/h5>\r\n                <p class=\"rts__program--item--description\">Vous pouvez cliquer sur &quot;Voir plus&quot; tous les d\u00e9tails de la proc\u00e9dure de candidature.<\/p>\r\n                <a href=\"https:\/\/www.ismthies.com\/?rt-program=programmes-licences\" class=\"rts-nbg-btn btn-arrow\">Voir plus                    <span>\r\n                                                    <span><i aria-hidden=\"true\" class=\"rt rt-arrow-right-regular\"><\/i><\/span>\r\n                                            <\/span>\r\n                <\/a>\r\n                <h5 class=\"rts__program--item--title--show\">Niveau sup\u00e9rieur <\/h5>\r\n            <\/div>\r\n                    <div class=\"rts__program--item v__2 p_item\" style=\"background-image: url('https:\/\/www.ismthies.com\/wp-content\/uploads\/2024\/08\/484902884_975153311474770_5529241903944567739_n.jpg');\">\r\n                <h5 class=\"rts__program--item--title\">Institut de Formation aux M\u00e9tiers d\u2019Enseignement (IFMES)<\/h5>\r\n                <p class=\"rts__program--item--description\">Cliquer sur &quot;Voir plus&quot; les d\u00e9tails de la candidature.<\/p>\r\n                <a href=\"https:\/\/www.ismthies.com\/?rt-program=institut-de-formation-aux-metiers-denseignement-ifmes\" class=\"rts-nbg-btn btn-arrow\">Voir plus                    <span>\r\n                                                    <span><i aria-hidden=\"true\" class=\"rt rt-arrow-right-regular\"><\/i><\/span>\r\n                                            <\/span>\r\n                <\/a>\r\n                <h5 class=\"rts__program--item--title--show\">Niveau sup\u00e9rieur <\/h5>\r\n            <\/div>\r\n                    <div class=\"rts__program--item v__2 p_item\" style=\"background-image: url('https:\/\/www.ismthies.com\/wp-content\/uploads\/2024\/08\/CLZ7qLhWUAADKrn.jpg');\">\r\n                <h5 class=\"rts__program--item--title\">Lyc\u00e9e d\u2019Excellence Priv\u00e9e Cheikh Hamidou KANE<\/h5>\r\n                <p class=\"rts__program--item--description\">Vous pouvez cliquer sur &quot;Voir plus&quot; tous les d\u00e9tails de la proc\u00e9dure de candidature.<\/p>\r\n                <a href=\"https:\/\/www.ismthies.com\/?rt-program=lycee-dexcellence-privee-cheikh-hamidou-kane\" class=\"rts-nbg-btn btn-arrow\">Voir plus                    <span>\r\n                                                    <span><i aria-hidden=\"true\" class=\"rt rt-arrow-right-regular\"><\/i><\/span>\r\n                                            <\/span>\r\n                <\/a>\r\n                <h5 class=\"rts__program--item--title--show\">Niveau secondaire <\/h5>\r\n            <\/div>\r\n                    <div class=\"rts__program--item v__2 p_item\" style=\"background-image: url('https:\/\/www.ismthies.com\/wp-content\/uploads\/2024\/09\/518150519_1068563398800427_5190891895280975096_n.jpg');\">\r\n                <h5 class=\"rts__program--item--title\">Programmes Licence Pro et MBA\/Master<\/h5>\r\n                <p class=\"rts__program--item--description\">Vous pouvez cliquer sur &quot;Voir plus&quot; tous les d\u00e9tails de la proc\u00e9dure de candidature.<\/p>\r\n                <a href=\"https:\/\/www.ismthies.com\/?rt-program=programmes-licence-pro-et-mba-master\" class=\"rts-nbg-btn btn-arrow\">Voir plus                    <span>\r\n                                                    <span><i aria-hidden=\"true\" class=\"rt rt-arrow-right-regular\"><\/i><\/span>\r\n                                            <\/span>\r\n                <\/a>\r\n                <h5 class=\"rts__program--item--title--show\">Niveau sup\u00e9rieur <\/h5>\r\n            <\/div>\r\n        \t\t\t\t<\/div>\n\t\t\t\t<\/div>\n\t\t\t\t<\/div>\n\t\t<div class=\"elementor-element elementor-element-1957e5a e-con-full e-flex rt-default-class e-con e-child\" data-id=\"1957e5a\" data-element_type=\"container\">\n\t\t\t\t<div class=\"elementor-element elementor-element-7df9852 rt-default-class elementor-widget elementor-widget-rt-program\" data-id=\"7df9852\" data-element_type=\"widget\" data-widget_type=\"rt-program.default\">\n\t\t\t\t<div class=\"elementor-widget-container\">\n\t\t\t\t\t            <div class=\"rts__program--item v__2 p_item\" style=\"background-image: url('https:\/\/www.ismthies.com\/wp-content\/uploads\/2024\/08\/484804169_974037198253048_4443148487970222968_n.jpg');\">\r\n                <h5 class=\"rts__program--item--title\">The Bridge Pr\u00e9scolaire<\/h5>\r\n                <p class=\"rts__program--item--description\">Vous pouvez cliquer sur &quot;Voir plus&quot; tous les d\u00e9tails de la proc\u00e9dure de candidature.<\/p>\r\n                <a href=\"https:\/\/www.ismthies.com\/?rt-program=the-bridge-prescolaire\" class=\"rts-nbg-btn btn-arrow\">Voir plus                    <span>\r\n                                                    <span><i aria-hidden=\"true\" class=\"rt rt-arrow-right-regular\"><\/i><\/span>\r\n                                            <\/span>\r\n                <\/a>\r\n                <h5 class=\"rts__program--item--title--show\">Niveau primaire <\/h5>\r\n            <\/div>\r\n                    <div class=\"rts__program--item v__2 p_item\" style=\"background-image: url('https:\/\/www.ismthies.com\/wp-content\/uploads\/2026\/01\/494149722_2421573384863801_6272034429440723294_n-scaled-e1767782134749.jpg');\">\r\n                <h5 class=\"rts__program--item--title\">Espace \u00c9l\u00e9mentaire d\u2019Excellence<\/h5>\r\n                <p class=\"rts__program--item--description\">Vous pouvez cliquer sur &quot;Voir plus&quot; tous les d\u00e9tails de la proc\u00e9dure de candidature.<\/p>\r\n                <a href=\"https:\/\/www.ismthies.com\/?rt-program=espace-elementaire-dexcellence\" class=\"rts-nbg-btn btn-arrow\">Voir plus                    <span>\r\n                                                    <span><i aria-hidden=\"true\" class=\"rt rt-arrow-right-regular\"><\/i><\/span>\r\n                                            <\/span>\r\n                <\/a>\r\n                <h5 class=\"rts__program--item--title--show\">Niveau primaire <\/h5>\r\n            <\/div>\r\n                    <div class=\"rts__program--item v__2 p_item\" style=\"background-image: url('https:\/\/www.ismthies.com\/wp-content\/uploads\/2024\/08\/540904522_1102618038728296_6521049756334909349_n.jpg');\">\r\n                <h5 class=\"rts__program--item--title\">The Bridge \u00c9l\u00e9mentaire<\/h5>\r\n                <p class=\"rts__program--item--description\">Vous pouvez cliquer sur &quot;Voir plus&quot; tous les d\u00e9tails de la proc\u00e9dure de candidature.<\/p>\r\n                <a href=\"https:\/\/www.ismthies.com\/?rt-program=the-bridge-elementaire\" class=\"rts-nbg-btn btn-arrow\">Voir plus                    <span>\r\n                                                    <span><i aria-hidden=\"true\" class=\"rt rt-arrow-right-regular\"><\/i><\/span>\r\n                                            <\/span>\r\n                <\/a>\r\n                <h5 class=\"rts__program--item--title--show\">Niveau primaire <\/h5>\r\n            <\/div>\r\n        \t\t\t\t<\/div>\n\t\t\t\t<\/div>\n\t\t\t\t<\/div>\n\t\t\t\t<\/div>\n\t\t\t\t\t<\/div>\n\t\t\t\t<\/div>\n\t\t<div class=\"elementor-element elementor-element-4f3325b e-con-full e-flex rt-default-class e-con e-parent\" data-id=\"4f3325b\" data-element_type=\"container\">\n\t\t\t\t<div class=\"elementor-element elementor-element-3cc672b rt-default-class elementor-widget elementor-widget-heading\" data-id=\"3cc672b\" data-element_type=\"widget\" data-widget_type=\"heading.default\">\n\t\t\t\t\t<h1 class=\"elementor-heading-title elementor-size-default\">...Nos programmes d'\u00e9tudes<\/h1>\t\t\t\t<\/div>\n\t\t\t\t<\/div>\n\t\t\t\t<\/div>\n\t\t\n    <div class=\"xs_social_share_widget xs_share_url after_content \t\tmain_content  wslu-style-1 wslu-share-box-shaped wslu-fill-colored wslu-none wslu-share-horizontal wslu-theme-font-no wslu-main_content\">\n\n\t\t\n        <ul>\n\t\t\t        <\/ul>\n    <\/div> \n","protected":false},"excerpt":{"rendered":"<p>Nos Formations Choisir aujourd\u2019hui un des \u00e9tablissements du Groupe ISM c\u2019est surtout envisager un parcours professionnel permettant de d\u00e9velopper des potentialit\u00e9s aux c\u00f4t\u00e9s de milliers d\u2019autres \u00e9tudiants, de s\u2019adapter \u00e0&#8230;<\/p>\n","protected":false},"author":1,"featured_media":0,"parent":0,"menu_order":0,"comment_status":"closed","ping_status":"closed","template":"elementor_header_footer","meta":{"postBodyCss":"","postBodyMargin":[],"postBodyPadding":[],"postBodyBackground":{"backgroundType":"classic","gradient":""},"footnotes":""},"class_list":["post-12594","page","type-page","status-publish","hentry"],"yoast_head":"<!-- This site is optimized with the Yoast SEO Premium plugin v26.7 (Yoast SEO v26.6) - https:\/\/yoast.com\/wordpress\/plugins\/seo\/ -->\n<title>Tous nos programmes - ISM Thi\u00e8s | Le groupe d&#039;\u00e9coles de formations au S\u00e9n\u00e9gal<\/title>\n<meta name=\"robots\" content=\"index, follow, max-snippet:-1, max-image-preview:large, max-video-preview:-1\" \/>\n<link rel=\"canonical\" href=\"https:\/\/www.ismthies.com\/?page_id=12594\" \/>\n<meta property=\"og:locale\" content=\"fr_FR\" \/>\n<meta property=\"og:type\" content=\"article\" \/>\n<meta property=\"og:title\" content=\"Tous nos programmes - ISM Thi\u00e8s | Le groupe d&#039;\u00e9coles de formations au S\u00e9n\u00e9gal\" \/>\n<meta property=\"og:description\" content=\"Nos Formations Choisir aujourd\u2019hui un des \u00e9tablissements du Groupe ISM c\u2019est surtout envisager un parcours professionnel permettant de d\u00e9velopper des potentialit\u00e9s aux c\u00f4t\u00e9s de milliers d\u2019autres \u00e9tudiants, de s\u2019adapter \u00e0...\" \/>\n<meta property=\"og:url\" content=\"https:\/\/www.ismthies.com\/?page_id=12594\" \/>\n<meta property=\"og:site_name\" content=\"ISM Thi\u00e8s | Le groupe d&#039;\u00e9coles de formations au S\u00e9n\u00e9gal\" \/>\n<meta property=\"article:publisher\" content=\"https:\/\/www.facebook.com\/ismthies\/?locale=fr_FR\" \/>\n<meta property=\"article:modified_time\" content=\"2026-01-08T17:27:40+00:00\" \/>\n<meta property=\"og:image\" content=\"https:\/\/www.ismthies.com\/wp-content\/uploads\/2024\/07\/vector-6684e1fbc6b8f.webp\" \/>\n\t<meta property=\"og:image:width\" content=\"136\" \/>\n\t<meta property=\"og:image:height\" content=\"199\" \/>\n\t<meta property=\"og:image:type\" content=\"image\/webp\" \/>\n<meta name=\"twitter:card\" content=\"summary_large_image\" \/>\n<meta name=\"twitter:label1\" content=\"Dur\u00e9e de lecture estim\u00e9e\" \/>\n\t<meta name=\"twitter:data1\" content=\"1 minute\" \/>\n<script type=\"application\/ld+json\" class=\"yoast-schema-graph\">{\"@context\":\"https:\/\/schema.org\",\"@graph\":[{\"@type\":\"WebPage\",\"@id\":\"https:\/\/www.ismthies.com\/?page_id=12594\",\"url\":\"https:\/\/www.ismthies.com\/?page_id=12594\",\"name\":\"Tous nos programmes - ISM Thi\u00e8s | Le groupe d&#039;\u00e9coles de formations au S\u00e9n\u00e9gal\",\"isPartOf\":{\"@id\":\"https:\/\/www.ismthies.com\/#website\"},\"primaryImageOfPage\":{\"@id\":\"https:\/\/www.ismthies.com\/?page_id=12594#primaryimage\"},\"image\":{\"@id\":\"https:\/\/www.ismthies.com\/?page_id=12594#primaryimage\"},\"thumbnailUrl\":\"https:\/\/www.ismthies.com\/wp-content\/uploads\/2024\/07\/vector-6684e1fbc6b8f.webp\",\"datePublished\":\"2026-01-08T17:22:39+00:00\",\"dateModified\":\"2026-01-08T17:27:40+00:00\",\"breadcrumb\":{\"@id\":\"https:\/\/www.ismthies.com\/?page_id=12594#breadcrumb\"},\"inLanguage\":\"fr-FR\",\"potentialAction\":[{\"@type\":\"ReadAction\",\"target\":[\"https:\/\/www.ismthies.com\/?page_id=12594\"]}]},{\"@type\":\"ImageObject\",\"inLanguage\":\"fr-FR\",\"@id\":\"https:\/\/www.ismthies.com\/?page_id=12594#primaryimage\",\"url\":\"https:\/\/www.ismthies.com\/wp-content\/uploads\/2024\/07\/vector-6684e1fbc6b8f.webp\",\"contentUrl\":\"https:\/\/www.ismthies.com\/wp-content\/uploads\/2024\/07\/vector-6684e1fbc6b8f.webp\",\"width\":136,\"height\":199},{\"@type\":\"BreadcrumbList\",\"@id\":\"https:\/\/www.ismthies.com\/?page_id=12594#breadcrumb\",\"itemListElement\":[{\"@type\":\"ListItem\",\"position\":1,\"name\":\"Home\",\"item\":\"https:\/\/www.ismthies.com\/\"},{\"@type\":\"ListItem\",\"position\":2,\"name\":\"Tous nos programmes\"}]},{\"@type\":\"WebSite\",\"@id\":\"https:\/\/www.ismthies.com\/#website\",\"url\":\"https:\/\/www.ismthies.com\/\",\"name\":\"ISM Thi\u00e8s | Le groupe d'\u00e9coles de formation au S\u00e9n\u00e9gal\",\"description\":\"Today Ism, Tomorrow the World\",\"publisher\":{\"@id\":\"https:\/\/www.ismthies.com\/#organization\"},\"alternateName\":\"ISM Thi\u00e8s\",\"potentialAction\":[{\"@type\":\"SearchAction\",\"target\":{\"@type\":\"EntryPoint\",\"urlTemplate\":\"https:\/\/www.ismthies.com\/?s={search_term_string}\"},\"query-input\":{\"@type\":\"PropertyValueSpecification\",\"valueRequired\":true,\"valueName\":\"search_term_string\"}}],\"inLanguage\":\"fr-FR\"},{\"@type\":\"Organization\",\"@id\":\"https:\/\/www.ismthies.com\/#organization\",\"name\":\"ISM Thi\u00e8s | Le groupe d'\u00e9coles de formation au S\u00e9n\u00e9gal\",\"url\":\"https:\/\/www.ismthies.com\/\",\"logo\":{\"@type\":\"ImageObject\",\"inLanguage\":\"fr-FR\",\"@id\":\"https:\/\/www.ismthies.com\/#\/schema\/logo\/image\/\",\"url\":\"https:\/\/www.ismthies.com\/wp-content\/uploads\/2024\/09\/cropped-cropped-LOGO_ISM.jpg\",\"contentUrl\":\"https:\/\/www.ismthies.com\/wp-content\/uploads\/2024\/09\/cropped-cropped-LOGO_ISM.jpg\",\"width\":512,\"height\":512,\"caption\":\"ISM Thi\u00e8s | Le groupe d'\u00e9coles de formation au S\u00e9n\u00e9gal\"},\"image\":{\"@id\":\"https:\/\/www.ismthies.com\/#\/schema\/logo\/image\/\"},\"sameAs\":[\"https:\/\/www.facebook.com\/ismthies\/?locale=fr_FR\",\"https:\/\/www.instagram.com\/ismthies\/?hl=fr\",\"https:\/\/www.linkedin.com\/company\/ismthies\/?originalSubdomain=sn\",\"https:\/\/www.tiktok.com\/@ismthies\"]}]}<\/script>\n<!-- \/ Yoast SEO Premium plugin. -->","yoast_head_json":{"title":"Tous nos programmes - ISM Thi\u00e8s | Le groupe d&#039;\u00e9coles de formations au S\u00e9n\u00e9gal","robots":{"index":"index","follow":"follow","max-snippet":"max-snippet:-1","max-image-preview":"max-image-preview:large","max-video-preview":"max-video-preview:-1"},"canonical":"https:\/\/www.ismthies.com\/?page_id=12594","og_locale":"fr_FR","og_type":"article","og_title":"Tous nos programmes - ISM Thi\u00e8s | Le groupe d&#039;\u00e9coles de formations au S\u00e9n\u00e9gal","og_description":"Nos Formations Choisir aujourd\u2019hui un des \u00e9tablissements du Groupe ISM c\u2019est surtout envisager un parcours professionnel permettant de d\u00e9velopper des potentialit\u00e9s aux c\u00f4t\u00e9s de milliers d\u2019autres \u00e9tudiants, de s\u2019adapter \u00e0...","og_url":"https:\/\/www.ismthies.com\/?page_id=12594","og_site_name":"ISM Thi\u00e8s | Le groupe d&#039;\u00e9coles de formations au S\u00e9n\u00e9gal","article_publisher":"https:\/\/www.facebook.com\/ismthies\/?locale=fr_FR","article_modified_time":"2026-01-08T17:27:40+00:00","og_image":[{"width":136,"height":199,"url":"https:\/\/www.ismthies.com\/wp-content\/uploads\/2024\/07\/vector-6684e1fbc6b8f.webp","type":"image\/webp"}],"twitter_card":"summary_large_image","twitter_misc":{"Dur\u00e9e de lecture estim\u00e9e":"1 minute"},"schema":{"@context":"https:\/\/schema.org","@graph":[{"@type":"WebPage","@id":"https:\/\/www.ismthies.com\/?page_id=12594","url":"https:\/\/www.ismthies.com\/?page_id=12594","name":"Tous nos programmes - ISM Thi\u00e8s | Le groupe d&#039;\u00e9coles de formations au S\u00e9n\u00e9gal","isPartOf":{"@id":"https:\/\/www.ismthies.com\/#website"},"primaryImageOfPage":{"@id":"https:\/\/www.ismthies.com\/?page_id=12594#primaryimage"},"image":{"@id":"https:\/\/www.ismthies.com\/?page_id=12594#primaryimage"},"thumbnailUrl":"https:\/\/www.ismthies.com\/wp-content\/uploads\/2024\/07\/vector-6684e1fbc6b8f.webp","datePublished":"2026-01-08T17:22:39+00:00","dateModified":"2026-01-08T17:27:40+00:00","breadcrumb":{"@id":"https:\/\/www.ismthies.com\/?page_id=12594#breadcrumb"},"inLanguage":"fr-FR","potentialAction":[{"@type":"ReadAction","target":["https:\/\/www.ismthies.com\/?page_id=12594"]}]},{"@type":"ImageObject","inLanguage":"fr-FR","@id":"https:\/\/www.ismthies.com\/?page_id=12594#primaryimage","url":"https:\/\/www.ismthies.com\/wp-content\/uploads\/2024\/07\/vector-6684e1fbc6b8f.webp","contentUrl":"https:\/\/www.ismthies.com\/wp-content\/uploads\/2024\/07\/vector-6684e1fbc6b8f.webp","width":136,"height":199},{"@type":"BreadcrumbList","@id":"https:\/\/www.ismthies.com\/?page_id=12594#breadcrumb","itemListElement":[{"@type":"ListItem","position":1,"name":"Home","item":"https:\/\/www.ismthies.com\/"},{"@type":"ListItem","position":2,"name":"Tous nos programmes"}]},{"@type":"WebSite","@id":"https:\/\/www.ismthies.com\/#website","url":"https:\/\/www.ismthies.com\/","name":"ISM Thi\u00e8s | Le groupe d'\u00e9coles de formation au S\u00e9n\u00e9gal","description":"Today Ism, Tomorrow the World","publisher":{"@id":"https:\/\/www.ismthies.com\/#organization"},"alternateName":"ISM Thi\u00e8s","potentialAction":[{"@type":"SearchAction","target":{"@type":"EntryPoint","urlTemplate":"https:\/\/www.ismthies.com\/?s={search_term_string}"},"query-input":{"@type":"PropertyValueSpecification","valueRequired":true,"valueName":"search_term_string"}}],"inLanguage":"fr-FR"},{"@type":"Organization","@id":"https:\/\/www.ismthies.com\/#organization","name":"ISM Thi\u00e8s | Le groupe d'\u00e9coles de formation au S\u00e9n\u00e9gal","url":"https:\/\/www.ismthies.com\/","logo":{"@type":"ImageObject","inLanguage":"fr-FR","@id":"https:\/\/www.ismthies.com\/#\/schema\/logo\/image\/","url":"https:\/\/www.ismthies.com\/wp-content\/uploads\/2024\/09\/cropped-cropped-LOGO_ISM.jpg","contentUrl":"https:\/\/www.ismthies.com\/wp-content\/uploads\/2024\/09\/cropped-cropped-LOGO_ISM.jpg","width":512,"height":512,"caption":"ISM Thi\u00e8s | Le groupe d'\u00e9coles de formation au S\u00e9n\u00e9gal"},"image":{"@id":"https:\/\/www.ismthies.com\/#\/schema\/logo\/image\/"},"sameAs":["https:\/\/www.facebook.com\/ismthies\/?locale=fr_FR","https:\/\/www.instagram.com\/ismthies\/?hl=fr","https:\/\/www.linkedin.com\/company\/ismthies\/?originalSubdomain=sn","https:\/\/www.tiktok.com\/@ismthies"]}]}},"_links":{"self":[{"href":"https:\/\/www.ismthies.com\/index.php?rest_route=\/wp\/v2\/pages\/12594","targetHints":{"allow":["GET"]}}],"collection":[{"href":"https:\/\/www.ismthies.com\/index.php?rest_route=\/wp\/v2\/pages"}],"about":[{"href":"https:\/\/www.ismthies.com\/index.php?rest_route=\/wp\/v2\/types\/page"}],"author":[{"embeddable":true,"href":"https:\/\/www.ismthies.com\/index.php?rest_route=\/wp\/v2\/users\/1"}],"replies":[{"embeddable":true,"href":"https:\/\/www.ismthies.com\/index.php?rest_route=%2Fwp%2Fv2%2Fcomments&post=12594"}],"version-history":[{"count":10,"href":"https:\/\/www.ismthies.com\/index.php?rest_route=\/wp\/v2\/pages\/12594\/revisions"}],"predecessor-version":[{"id":12604,"href":"https:\/\/www.ismthies.com\/index.php?rest_route=\/wp\/v2\/pages\/12594\/revisions\/12604"}],"wp:attachment":[{"href":"https:\/\/www.ismthies.com\/index.php?rest_route=%2Fwp%2Fv2%2Fmedia&parent=12594"}],"curies":[{"name":"wp","href":"https:\/\/api.w.org\/{rel}","templated":true}]}}